{"id":26,"date":"2023-05-25T11:12:45","date_gmt":"2023-05-25T09:12:45","guid":{"rendered":"https:\/\/www.laforneria.it\/b2b\/?page_id=26"},"modified":"2025-11-13T08:49:10","modified_gmt":"2025-11-13T07:49:10","slug":"shop-online-forneria-per-le-aziende","status":"publish","type":"page","link":"https:\/\/www.laforneria.it\/b2b\/","title":{"rendered":"Shop online Forneria per le aziende"},"content":{"rendered":"<section class=\"wpb-content-wrapper\"><p>[vc_row full_width=&#8221;stretch_row_content&#8221;][vc_column width=&#8221;1\/4&#8243;][\/vc_column][vc_column width=&#8221;1\/2&#8243;][vc_single_image image=&#8221;15&#8243; img_size=&#8221;full&#8221; alignment=&#8221;center&#8221;][\/vc_column][vc_column width=&#8221;1\/4&#8243;][\/vc_column][\/vc_row][vc_row][vc_column][vc_single_image image=&#8221;817&#8243; img_size=&#8221;full&#8221; alignment=&#8221;center&#8221; onclick=&#8221;custom_link&#8221; link=&#8221;https:\/\/www.laforneria.it\/b2b\/mio-account\/&#8221;][vc_column_text]<\/p>\n<h4 style=\"text-align: center;\"><span style=\"color: #ff0000;\">Sei invece sei un cliente privato, <strong><a style=\"color: #ff0000;\" href=\"https:\/\/www.laforneria.it\/shop\/\">Clicca qui<\/a> <\/strong>e accedi al nostro shop online<\/span><\/h4>\n<p>[\/vc_column_text][\/vc_column][\/vc_row][vc_row][vc_column width=&#8221;1\/6&#8243;][\/vc_column][vc_column width=&#8221;2\/3&#8243;][vc_column_text]<\/p>\n<h2 style=\"text-align: center;\">ACCEDI O REGISTRATI PER ACCEDERE ALLO SHOP B2B<\/h2>\n<p>[\/vc_column_text][vc_btn title=&#8221;ACCESSO CLIENTI B2B&#8221; style=&#8221;gradient-custom&#8221; gradient_custom_color_1=&#8221;#edac66&#8243; gradient_custom_color_2=&#8221;#edac66&#8243; gradient_text_color=&#8221;#000000&#8243; shape=&#8221;square&#8221; size=&#8221;lg&#8221; align=&#8221;center&#8221; link=&#8221;url:%2Fb2b%2Fmio-account&#8221;][vc_empty_space][\/vc_column][vc_column width=&#8221;1\/6&#8243;][\/vc_column][\/vc_row][vc_row][vc_column width=&#8221;1\/4&#8243;][\/vc_column][vc_column width=&#8221;1\/2&#8243;][vc_column_text]<\/p>\n<h2 style=\"text-align: center;\">Panettoni, Pandori, Colombe e Dolci Artigianali dal 1967<\/h2>\n<p>[\/vc_column_text][vc_column_text]<\/p>\n<p style=\"text-align: center;\">Dal 1967 La Forneria \u00e8 un punto di riferimento per la produzione di panettoni, pandori, colombe, crostate e dolci artigianali di alta qualit\u00e0. Da oltre 55 anni ricerchiamo e utilizziamo solo le migliori materie prime per offrire prodotti realmente superiori, sia per il gusto che per la qualit\u00e0, sani, genuini e con il massimo rispetto per l\u2019ambiente. La nostra storia \u00e8 sinonimo di seriet\u00e0, professionalit\u00e0 e affidabilit\u00e0.<br \/>\nAlle aziende che ci scelgono come fornitore garantiamo qualit\u00e0, consegne puntuali, flessibilit\u00e0 ed esperienza nel gestire le emergenze, con la possibilit\u00e0 di consegne gratuite in diverse zone limitrofe.<\/p>\n<p>[\/vc_column_text][\/vc_column][vc_column width=&#8221;1\/4&#8243;][\/vc_column][\/vc_row][vc_row][vc_column width=&#8221;1\/2&#8243;][vc_single_image image=&#8221;644&#8243; img_size=&#8221;full&#8221; alignment=&#8221;center&#8221;][\/vc_column][vc_column width=&#8221;1\/2&#8243; el_id=&#8221;comeordinare&#8221;][vc_empty_space][vc_column_text]<\/p>\n<h2 style=\"text-align: center;\">Come accedere allo Shop riservato ai rivenditori<\/h2>\n<p>[\/vc_column_text][vc_column_text]<\/p>\n<h3 style=\"text-align: center; color: #000;\">Pochi semplici passi da seguire<\/h3>\n<p>[\/vc_column_text][vc_tta_tour section_title_tag=&#8221;h1&#8243; style=&#8221;modern&#8221; color=&#8221;orange&#8221; active_section=&#8221;1&#8243;][vc_tta_section title=&#8221;1&#8243; tab_id=&#8221;primo&#8221;][vc_column_text]<\/p>\n<h3 style=\"color: #000;\">Clicca sul bottone sopra oppure vai <a style=\"color: #edac66;\" href=\"https:\/\/www.laforneria.it\/b2b\/mio-account\" target=\"_blank\" rel=\"noopener\">QUI<\/a><\/h3>\n<p>[\/vc_column_text][\/vc_tta_section][\/vc_tta_tour][vc_tta_tour section_title_tag=&#8221;h2&#8243; style=&#8221;modern&#8221; color=&#8221;orange&#8221; active_section=&#8221;1&#8243;][vc_tta_section title=&#8221;2&#8243; tab_id=&#8221;1740041144613-d7f1f3c7-5dfa&#8221;][vc_column_text]<\/p>\n<h3 style=\"color: #000;\">Compila la schermata inserendo tutti i tuoi dati aziendali.<\/h3>\n<p><span style=\"color: #edac66; font-size: 18px;\"><strong>IMPORTANTE: Quando compili la scheda ricordati di selezionare se la tua azienda ha sede in Sardegna o nel resto d&#8217;Italia<\/strong><\/span>[\/vc_column_text][\/vc_tta_section][\/vc_tta_tour][vc_tta_tour section_title_tag=&#8221;h2&#8243; style=&#8221;modern&#8221; color=&#8221;orange&#8221; active_section=&#8221;1&#8243;][vc_tta_section title=&#8221;3&#8243; tab_id=&#8221;1740041145736-12161811-dc4a&#8221;][vc_column_text]<\/p>\n<h3 style=\"color: #000;\">Una volta completata l&#8217;iscrizione effettua l&#8217;accesso e potrai visionare il catalogo con i relativi prezzi ed effettuare comodamente l&#8217;ordine online.<\/h3>\n<p>[\/vc_column_text][\/vc_tta_section][\/vc_tta_tour][vc_empty_space][vc_btn title=&#8221;ISCRIVITI QUI&#8221; style=&#8221;gradient-custom&#8221; gradient_custom_color_1=&#8221;#edac66&#8243; gradient_custom_color_2=&#8221;#edac66&#8243; gradient_text_color=&#8221;#000000&#8243; shape=&#8221;square&#8221; size=&#8221;lg&#8221; align=&#8221;center&#8221; link=&#8221;url:%2Fb2b%2Fmio-account&#8221;][\/vc_column][\/vc_row][vc_row css=&#8221;.vc_custom_1740040205077{padding-top: 200px !important;padding-bottom: 200px !important;background-image: url(https:\/\/www.laforneria.it\/b2b\/wp-content\/uploads\/2023\/05\/impasto-panettone-artigianale-forneria-sardegna.jpg?id=184) !important;background-position: center !important;background-repeat: no-repeat !important;background-size: cover !important;}&#8221;][vc_column][\/vc_column][\/vc_row][vc_row][vc_column width=&#8221;1\/4&#8243;][\/vc_column][vc_column width=&#8221;1\/2&#8243;][vc_single_image image=&#8221;491&#8243; img_size=&#8221;full&#8221; alignment=&#8221;center&#8221;][vc_column_text]<\/p>\n<p style=\"text-align: center;\"><strong>La Forneria di Zara Antonia &amp; C. S.N.C.<\/strong><br \/>\nVia Gennargentu, 6\/8<br \/>\n09050 Pula (CA) Italy<\/p>\n<p style=\"text-align: center;\">P.I. 01952240925<\/p>\n<p style=\"text-align: center;\"><strong>Per maggiori informazioni:<\/strong><br \/>\nMail: info@laforneria.it<br \/>\nTelefono: 070 9245000<\/p>\n<p>[\/vc_column_text][\/vc_column][vc_column width=&#8221;1\/4&#8243;][\/vc_column][\/vc_row]<\/p>\n<\/section>","protected":false},"excerpt":{"rendered":"<p>[vc_row full_width=&#8221;stretch_row_content&#8221;][vc_column width=&#8221;1\/4&#8243;][\/vc_column][vc_column width=&#8221;1\/2&#8243;][vc_single_image image=&#8221;15&#8243; img_size=&#8221;full&#8221; alignment=&#8221;center&#8221;][\/vc_column][vc_column width=&#8221;1\/4&#8243;][\/vc_column][\/vc_row][vc_row][vc_column][vc_single_image image=&#8221;817&#8243; img_size=&#8221;full&#8221;  [&#8230;]<\/p>\n","protected":false},"author":1,"featured_media":0,"parent":0,"menu_order":0,"comment_status":"closed","ping_status":"closed","template":"100-width.php","meta":{"footnotes":""},"class_list":["post-26","page","type-page","status-publish","hentry"],"yoast_head":"<!-- This site is optimized with the Yoast SEO plugin v26.1.1 - https:\/\/yoast.com\/wordpress\/plugins\/seo\/ -->\n<title>Shop online Forneria per le aziende - la Forneria di Pula Shop B2B<\/title>\n<meta name=\"robots\" content=\"index, follow, max-snippet:-1, max-image-preview:large, max-video-preview:-1\" \/>\n<link rel=\"canonical\" href=\"https:\/\/www.laforneria.it\/b2b\/\" \/>\n<meta property=\"og:locale\" content=\"it_IT\" \/>\n<meta property=\"og:type\" content=\"article\" \/>\n<meta property=\"og:title\" content=\"Shop online Forneria per le aziende - la Forneria di Pula Shop B2B\" \/>\n<meta property=\"og:description\" content=\"[vc_row full_width=&#8221;stretch_row_content&#8221;][vc_column width=&#8221;1\/4&#8243;][\/vc_column][vc_column width=&#8221;1\/2&#8243;][vc_single_image image=&#8221;15&#8243; img_size=&#8221;full&#8221; alignment=&#8221;center&#8221;][\/vc_column][vc_column width=&#8221;1\/4&#8243;][\/vc_column][\/vc_row][vc_row][vc_column][vc_single_image image=&#8221;817&#8243; img_size=&#8221;full&#8221; [...]\" \/>\n<meta property=\"og:url\" content=\"https:\/\/www.laforneria.it\/b2b\/\" \/>\n<meta property=\"og:site_name\" content=\"la Forneria di Pula Shop B2B\" \/>\n<meta property=\"article:modified_time\" content=\"2025-11-13T07:49:10+00:00\" \/>\n<meta name=\"twitter:card\" content=\"summary_large_image\" \/>\n<meta name=\"twitter:label1\" content=\"Tempo di lettura stimato\" \/>\n\t<meta name=\"twitter:data1\" content=\"2 minuti\" \/>\n<script type=\"application\/ld+json\" class=\"yoast-schema-graph\">{\"@context\":\"https:\/\/schema.org\",\"@graph\":[{\"@type\":\"WebPage\",\"@id\":\"https:\/\/www.laforneria.it\/b2b\/\",\"url\":\"https:\/\/www.laforneria.it\/b2b\/\",\"name\":\"Shop online Forneria per le aziende - la Forneria di Pula Shop B2B\",\"isPartOf\":{\"@id\":\"https:\/\/www.laforneria.it\/b2b\/#website\"},\"datePublished\":\"2023-05-25T09:12:45+00:00\",\"dateModified\":\"2025-11-13T07:49:10+00:00\",\"breadcrumb\":{\"@id\":\"https:\/\/www.laforneria.it\/b2b\/#breadcrumb\"},\"inLanguage\":\"it-IT\",\"potentialAction\":[{\"@type\":\"ReadAction\",\"target\":[\"https:\/\/www.laforneria.it\/b2b\/\"]}]},{\"@type\":\"BreadcrumbList\",\"@id\":\"https:\/\/www.laforneria.it\/b2b\/#breadcrumb\",\"itemListElement\":[{\"@type\":\"ListItem\",\"position\":1,\"name\":\"Home\",\"item\":\"https:\/\/www.laforneria.it\/b2b\/\"},{\"@type\":\"ListItem\",\"position\":2,\"name\":\"Shop online Forneria per le aziende\"}]},{\"@type\":\"WebSite\",\"@id\":\"https:\/\/www.laforneria.it\/b2b\/#website\",\"url\":\"https:\/\/www.laforneria.it\/b2b\/\",\"name\":\"la Forneria di Pula Shop B2B\",\"description\":\"\",\"potentialAction\":[{\"@type\":\"SearchAction\",\"target\":{\"@type\":\"EntryPoint\",\"urlTemplate\":\"https:\/\/www.laforneria.it\/b2b\/?s={search_term_string}\"},\"query-input\":{\"@type\":\"PropertyValueSpecification\",\"valueRequired\":true,\"valueName\":\"search_term_string\"}}],\"inLanguage\":\"it-IT\"}]}<\/script>\n<!-- \/ Yoast SEO plugin. -->","yoast_head_json":{"title":"Shop online Forneria per le aziende - la Forneria di Pula Shop B2B","robots":{"index":"index","follow":"follow","max-snippet":"max-snippet:-1","max-image-preview":"max-image-preview:large","max-video-preview":"max-video-preview:-1"},"canonical":"https:\/\/www.laforneria.it\/b2b\/","og_locale":"it_IT","og_type":"article","og_title":"Shop online Forneria per le aziende - la Forneria di Pula Shop B2B","og_description":"[vc_row full_width=&#8221;stretch_row_content&#8221;][vc_column width=&#8221;1\/4&#8243;][\/vc_column][vc_column width=&#8221;1\/2&#8243;][vc_single_image image=&#8221;15&#8243; img_size=&#8221;full&#8221; alignment=&#8221;center&#8221;][\/vc_column][vc_column width=&#8221;1\/4&#8243;][\/vc_column][\/vc_row][vc_row][vc_column][vc_single_image image=&#8221;817&#8243; img_size=&#8221;full&#8221; [...]","og_url":"https:\/\/www.laforneria.it\/b2b\/","og_site_name":"la Forneria di Pula Shop B2B","article_modified_time":"2025-11-13T07:49:10+00:00","twitter_card":"summary_large_image","twitter_misc":{"Tempo di lettura stimato":"2 minuti"},"schema":{"@context":"https:\/\/schema.org","@graph":[{"@type":"WebPage","@id":"https:\/\/www.laforneria.it\/b2b\/","url":"https:\/\/www.laforneria.it\/b2b\/","name":"Shop online Forneria per le aziende - la Forneria di Pula Shop B2B","isPartOf":{"@id":"https:\/\/www.laforneria.it\/b2b\/#website"},"datePublished":"2023-05-25T09:12:45+00:00","dateModified":"2025-11-13T07:49:10+00:00","breadcrumb":{"@id":"https:\/\/www.laforneria.it\/b2b\/#breadcrumb"},"inLanguage":"it-IT","potentialAction":[{"@type":"ReadAction","target":["https:\/\/www.laforneria.it\/b2b\/"]}]},{"@type":"BreadcrumbList","@id":"https:\/\/www.laforneria.it\/b2b\/#breadcrumb","itemListElement":[{"@type":"ListItem","position":1,"name":"Home","item":"https:\/\/www.laforneria.it\/b2b\/"},{"@type":"ListItem","position":2,"name":"Shop online Forneria per le aziende"}]},{"@type":"WebSite","@id":"https:\/\/www.laforneria.it\/b2b\/#website","url":"https:\/\/www.laforneria.it\/b2b\/","name":"la Forneria di Pula Shop B2B","description":"","potentialAction":[{"@type":"SearchAction","target":{"@type":"EntryPoint","urlTemplate":"https:\/\/www.laforneria.it\/b2b\/?s={search_term_string}"},"query-input":{"@type":"PropertyValueSpecification","valueRequired":true,"valueName":"search_term_string"}}],"inLanguage":"it-IT"}]}},"jetpack_sharing_enabled":true,"_links":{"self":[{"href":"https:\/\/www.laforneria.it\/b2b\/wp-json\/wp\/v2\/pages\/26","targetHints":{"allow":["GET"]}}],"collection":[{"href":"https:\/\/www.laforneria.it\/b2b\/wp-json\/wp\/v2\/pages"}],"about":[{"href":"https:\/\/www.laforneria.it\/b2b\/wp-json\/wp\/v2\/types\/page"}],"author":[{"embeddable":true,"href":"https:\/\/www.laforneria.it\/b2b\/wp-json\/wp\/v2\/users\/1"}],"replies":[{"embeddable":true,"href":"https:\/\/www.laforneria.it\/b2b\/wp-json\/wp\/v2\/comments?post=26"}],"version-history":[{"count":29,"href":"https:\/\/www.laforneria.it\/b2b\/wp-json\/wp\/v2\/pages\/26\/revisions"}],"predecessor-version":[{"id":828,"href":"https:\/\/www.laforneria.it\/b2b\/wp-json\/wp\/v2\/pages\/26\/revisions\/828"}],"wp:attachment":[{"href":"https:\/\/www.laforneria.it\/b2b\/wp-json\/wp\/v2\/media?parent=26"}],"curies":[{"name":"wp","href":"https:\/\/api.w.org\/{rel}","templated":true}]}}